{"id":13,"date":"2026-05-01T06:13:19","date_gmt":"2026-05-01T06:13:19","guid":{"rendered":"https:\/\/maxpoppink.nl\/?page_id=13"},"modified":"2026-05-01T06:16:56","modified_gmt":"2026-05-01T06:16:56","slug":"trang-chu","status":"publish","type":"page","link":"https:\/\/maxpoppink.nl\/","title":{"rendered":"Trang ch\u1ee7"},"content":{"rendered":"<div class=\"row\"  id=\"row-2051609843\">\n\n\t<div id=\"col-1946971004\" class=\"col small-12 large-12\"  >\n\t\t\t\t<div class=\"col-inner\"  >\n\t\t\t\n\t\t\t\n<h1 style=\"text-align: center;\">MB66 \u2013 MB66AC | Trang Ch\u1ee7 MB66.COM \/ \u0110\u0103ng K\u00fd T\u1eb7ng 66K<\/h1>\n<blockquote>\n<p><strong><a href=\"https:\/\/seventeenplanet.nl\/\" target=\"_blank\" rel=\"noopener\">MB66<\/a><\/strong>\u00a0l\u00e0 nh\u00e0 c\u00e1i c\u00e1 c\u01b0\u1ee3c tr\u1ef1c tuy\u1ebfn uy t\u00edn, hi\u1ec7n \u0111\u1ea1i\u00a0 theo ti\u00eau chu\u1ea9n Ch\u00e2u \u00c2u, t\u1eadp trung n\u00e2ng cao tr\u1ea3i nghi\u1ec7m ng\u01b0\u1eddi ch\u01a1i t\u1eeb c\u00f4ng ngh\u1ec7 v\u1eadn h\u00e0nh, h\u1ec7 sinh th\u00e1i gi\u1ea3i tr\u00ed cho \u0111\u1ebfn d\u1ecbch v\u1ee5 ch\u0103m s\u00f3c kh\u00e1ch h\u00e0ng chuy\u00ean nghi\u1ec7p. Ngay t\u1eeb khi ra m\u1eaft, nh\u00e0 c\u00e1i MB66 \u0111\u00e3 \u0111\u1ea7u t\u01b0 m\u1ea1nh v\u00e0o n\u1ec1n t\u1ea3ng c\u00f4ng ngh\u1ec7 ti\u00ean ti\u1ebfn, gi\u00fap ng\u01b0\u1eddi d\u00f9ng truy c\u1eadp m\u01b0\u1ee3t m\u00e0 tr\u00ean m\u00e1y t\u00ednh, \u0111i\u1ec7n tho\u1ea1i v\u00e0 tablet v\u1edbi t\u1ed1c \u0111\u1ed9 t\u1ea3i nhanh, giao di\u1ec7n th\u00e2n thi\u1ec7n, d\u1ec5 s\u1eed d\u1ee5ng.\u00a0<\/p>\n<\/blockquote>\n<h2><b>5.000+ Tr\u00f2 Ch\u01a1i \u0110a D\u1ea1ng, \u0110\u1eb3ng C\u1ea5p T\u1ea1i MB66<\/b><\/h2>\n<p>M\u1ed9t trong nh\u1eefng \u0111i\u1ec3m m\u1ea1nh n\u1ed5i b\u1eadt gi\u00fap\u00a0<b>MB66<\/b>\u00a0thu h\u00fat \u0111\u00f4ng \u0111\u1ea3o ng\u01b0\u1eddi ch\u01a1i ch\u00ednh l\u00e0 h\u1ec7 sinh th\u00e1i gi\u1ea3i tr\u00ed phong ph\u00fa, \u0111\u01b0\u1ee3c \u0111\u1ea7u t\u01b0 b\u00e0i b\u1ea3n v\u00e0 li\u00ean t\u1ee5c c\u1eadp nh\u1eadt xu h\u01b0\u1edbng m\u1edbi. T\u1ea1i\u00a0<b>trang ch\u1ee7 MB66<\/b>, ng\u01b0\u1eddi ch\u01a1i c\u00f3 th\u1ec3 d\u1ec5 d\u00e0ng l\u1ef1a ch\u1ecdn nhi\u1ec1u s\u1ea3nh game h\u1ea5p d\u1eabn, ph\u00f9 h\u1ee3p t\u1eeb ng\u01b0\u1eddi m\u1edbi b\u1eaft \u0111\u1ea7u \u0111\u1ebfn h\u1ed9i vi\u00ean l\u00e2u n\u0103m.<\/p>\n<h3><b>C\u00e1 C\u01b0\u1ee3c Th\u1ec3 Thao S\u00f4i \u0110\u1ed9ng<\/b><\/h3>\n<p>S\u1ea3nh th\u1ec3 thao t\u1ea1i\u00a0<b>nh\u00e0 c\u00e1i MB66<\/b>\u00a0cung c\u1ea5p h\u00e0ng lo\u1ea1t b\u1ed9 m\u00f4n hot nh\u01b0 b\u00f3ng \u0111\u00e1, b\u00f3ng r\u1ed5, tennis, eSports v\u00e0 nhi\u1ec1u gi\u1ea3i \u0111\u1ea5u tr\u00ean to\u00e0n th\u1ebf gi\u1edbi. T\u1ef7 l\u1ec7 k\u00e8o \u0111\u01b0\u1ee3c c\u1eadp nh\u1eadt li\u00ean t\u1ee5c theo th\u1eddi gian th\u1ef1c, mang \u0111\u1ebfn tr\u1ea3i nghi\u1ec7m theo d\u00f5i v\u00e0 gi\u1ea3i tr\u00ed \u0111\u1ea7y k\u1ecbch t\u00ednh.<\/p>\n<h3><b>Live Casino Chu\u1ea9n Qu\u1ed1c T\u1ebf<\/b><\/h3>\n<p>N\u1ebfu y\u00eau th\u00edch kh\u00f4ng kh\u00ed casino sang tr\u1ecdng, ng\u01b0\u1eddi ch\u01a1i c\u00f3 th\u1ec3 tr\u1ea3i nghi\u1ec7m s\u1ea3nh live casino t\u1ea1i\u00a0<b>mb66.com<\/b>\u00a0v\u1edbi dealer chuy\u00ean nghi\u1ec7p, ph\u00e1t s\u00f3ng tr\u1ef1c ti\u1ebfp ch\u1ea5t l\u01b0\u1ee3ng cao v\u00e0 \u0111\u01b0\u1eddng truy\u1ec1n \u1ed5n \u0111\u1ecbnh. Nh\u1eefng tr\u00f2 ch\u01a1i quen thu\u1ed9c nh\u01b0 Baccarat, Roulette, Blackjack hay Sicbo lu\u00f4n thu h\u00fat l\u01b0\u1ee3ng l\u1edbn h\u1ed9i vi\u00ean tham gia m\u1ed7i ng\u00e0y.<\/p>\n<h3><b>Slot Game \u2013 N\u1ed5 H\u0169 H\u1ea5p D\u1eabn<\/b><\/h3>\n<p>Kho slot game t\u1ea1i\u00a0<b>MB66 COM<\/b>\u00a0quy t\u1ee5 h\u00e0ng tr\u0103m t\u1ef1a game \u0111a ch\u1ee7 \u0111\u1ec1 t\u1eeb c\u1ed5 \u0111i\u1ec3n \u0111\u1ebfn hi\u1ec7n \u0111\u1ea1i. \u0110\u1ed3 h\u1ecda b\u1eaft m\u1eaft, hi\u1ec7u \u1ee9ng s\u1ed1ng \u0111\u1ed9ng c\u00f9ng nhi\u1ec1u gi\u1ea3i jackpot gi\u00e1 tr\u1ecb l\u1edbn gi\u00fap chuy\u00ean m\u1ee5c n\u00e0y lu\u00f4n n\u1eb1m trong nh\u00f3m \u0111\u01b0\u1ee3c y\u00eau th\u00edch nh\u1ea5t.<\/p>\n<h3><b>B\u1eafn C\u00e1 Gi\u1ea3i Tr\u00ed C\u1ef1c Cu\u1ed1n<\/b><\/h3>\n<p>S\u1ea3nh b\u1eafn c\u00e1 t\u1ea1i\u00a0<b>mb 66<\/b>\u00a0\u0111\u01b0\u1ee3c thi\u1ebft k\u1ebf sinh \u0111\u1ed9ng v\u1edbi thao t\u00e1c m\u01b0\u1ee3t m\u00e0, nhi\u1ec1u c\u1ea5p \u0111\u1ed9 th\u1eed th\u00e1ch v\u00e0 boss th\u01b0\u1edfng l\u1edbn. \u0110\u00e2y l\u00e0 l\u1ef1a ch\u1ecdn ph\u00f9 h\u1ee3p cho ng\u01b0\u1eddi ch\u01a1i mu\u1ed1n th\u01b0 gi\u00e3n nh\u01b0ng v\u1eabn c\u00f3 c\u1ea3m gi\u00e1c chinh ph\u1ee5c h\u1ea5p d\u1eabn.<\/p>\n<h3><b>X\u1ed5 S\u1ed1 Nhanh G\u1ecdn, Ti\u1ec7n L\u1ee3i<\/b><\/h3>\n<p>Chuy\u00ean m\u1ee5c x\u1ed5 s\u1ed1 mang \u0111\u1ebfn tr\u1ea3i nghi\u1ec7m \u0111\u01a1n gi\u1ea3n, c\u1eadp nh\u1eadt k\u1ebft qu\u1ea3 nhanh ch\u00f3ng v\u00e0 d\u1ec5 thao t\u00e1c tr\u00ean c\u1ea3 \u0111i\u1ec7n tho\u1ea1i l\u1eabn m\u00e1y t\u00ednh. Ng\u01b0\u1eddi ch\u01a1i c\u00f3 th\u1ec3 tham gia m\u1ecdi l\u00fac v\u1edbi nhi\u1ec1u l\u1ef1a ch\u1ecdn phong ph\u00fa m\u1ed7i ng\u00e0y.<\/p>\n<h3><b>\u0110\u00e1 G\u00e0 K\u1ecbch T\u00ednh<\/b><\/h3>\n<p>\u0110\u00e1 g\u00e0 tr\u1ef1c tuy\u1ebfn t\u1ea1i\u00a0<b>MB66<\/b>\u00a0ph\u00e1t s\u00f3ng tr\u1ef1c ti\u1ebfp c\u00e1c tr\u1eadn \u0111\u1ea5u h\u1ea5p d\u1eabn, h\u00ecnh \u1ea3nh r\u00f5 n\u00e9t c\u00f9ng \u0111a d\u1ea1ng l\u1ef1a ch\u1ecdn t\u1ef7 l\u1ec7 c\u01b0\u1ee3c. \u0110\u00e2y l\u00e0 chuy\u00ean m\u1ee5c \u0111\u01b0\u1ee3c nhi\u1ec1u ng\u01b0\u1eddi ch\u01a1i y\u00eau th\u00edch b\u1edfi t\u00ednh gi\u1ea3i tr\u00ed cao v\u00e0 kh\u00f4ng kh\u00ed s\u00f4i \u0111\u1ed9ng.<\/p>\n<p>V\u1edbi danh m\u1ee5c tr\u00f2 ch\u01a1i phong ph\u00fa, v\u1eadn h\u00e0nh \u1ed5n \u0111\u1ecbnh v\u00e0 li\u00ean t\u1ee5c \u0111\u1ed5i m\u1edbi,\u00a0<b>MB66<\/b>\u00a0mang \u0111\u1ebfn tr\u1ea3i nghi\u1ec7m gi\u1ea3i tr\u00ed to\u00e0n di\u1ec7n cho m\u1ecdi ng\u01b0\u1eddi ch\u01a1i hi\u1ec7n \u0111\u1ea1i.<\/p>\n<h2><b>Hi\u1ec7n \u0110\u1ea1i \u2013 B\u1ea3o M\u1eadt Cao \u2013 D\u1ecbch V\u1ee5 Ho\u00e0n H\u1ea3o<\/b><\/h2>\n<p><b>MB66 COM<\/b>\u00a0ch\u00fa tr\u1ecdng \u0111\u1ea7u t\u01b0 h\u1ec7 th\u1ed1ng b\u1ea3o m\u1eadt nh\u1eb1m b\u1ea3o v\u1ec7 d\u1eef li\u1ec7u ng\u01b0\u1eddi d\u00f9ng v\u00e0 giao d\u1ecbch t\u00e0i ch\u00ednh. N\u1ec1n t\u1ea3ng \u1ee9ng d\u1ee5ng c\u00f4ng ngh\u1ec7 m\u00e3 h\u00f3a ti\u00ean ti\u1ebfn, gi\u00fap ng\u01b0\u1eddi ch\u01a1i y\u00ean t\u00e2m khi tham gia.<\/p>\n<p>Quy tr\u00ecnh n\u1ea1p \u2013 r\u00fat t\u1ea1i\u00a0<b>mb 66<\/b>\u00a0\u0111\u01b0\u1ee3c t\u1ed1i \u01b0u nhanh ch\u00f3ng, h\u1ed7 tr\u1ee3 nhi\u1ec1u ph\u01b0\u01a1ng th\u1ee9c thanh to\u00e1n ph\u1ed5 bi\u1ebfn v\u00e0 thao t\u00e1c \u0111\u01a1n gi\u1ea3n, thu\u1eadn ti\u1ec7n cho m\u1ecdi h\u1ed9i vi\u00ean.<\/p>\n<p>\u0110\u1eb7c bi\u1ec7t, \u0111\u1ed9i ng\u0169 CSKH 24\/7, lu\u00f4n s\u1eb5n s\u00e0ng h\u1ed7 tr\u1ee3 nhanh c\u00e1c v\u1ea5n \u0111\u1ec1 li\u00ean quan \u0111\u1ebfn t\u00e0i kho\u1ea3n, giao d\u1ecbch v\u00e0\u00a0<b>khuy\u1ebfn m\u00e3i MB66<\/b>.<\/p>\n<h2><b>\u0110\u1ec9nh Cao Gi\u1ea3i Tr\u00ed Tr\u1ef1c Tuy\u1ebfn<\/b><\/h2>\n<p><b>MB66<\/b>\u00a0\u0111ang t\u1eebng b\u01b0\u1edbc kh\u1eb3ng \u0111\u1ecbnh v\u1ecb th\u1ebf l\u00e0 \u0111i\u1ec3m \u0111\u1ebfn gi\u1ea3i tr\u00ed tr\u1ef1c tuy\u1ebfn \u0111\u01b0\u1ee3c nhi\u1ec1u ng\u01b0\u1eddi ch\u01a1i l\u1ef1a ch\u1ecdn. V\u1edbi m\u00f4i tr\u01b0\u1eddng v\u1eadn h\u00e0nh \u1ed5n \u0111\u1ecbnh, kho game phong ph\u00fa v\u00e0 nhi\u1ec1u \u01b0u \u0111\u00e3i h\u1ea5p d\u1eabn, th\u01b0\u01a1ng hi\u1ec7u ng\u00e0y c\u00e0ng thu h\u00fat c\u1ed9ng \u0111\u1ed3ng ng\u01b0\u1eddi d\u00f9ng trong n\u01b0\u1edbc v\u00e0 khu v\u1ef1c.\u00a0<b>N\u1ebfu \u0111ang t\u00ecm ki\u1ebfm n\u1ec1n t\u1ea3ng c\u00e1 c\u01b0\u1ee3c hi\u1ec7n \u0111\u1ea1i, giao di\u1ec7n \u0111\u1eb9p v\u00e0 d\u1ecbch v\u1ee5 chuy\u00ean nghi\u1ec7p,\u00a0trang ch\u1ee7 MB66\u00a0l\u00e0 l\u1ef1a ch\u1ecdn \u0111\u00e1ng c\u00e2n nh\u1eafc d\u00e0nh cho b\u1ea1n.<\/b><\/p>\n<blockquote>\n<p>\ud83d\udc49 Gia nh\u1eadp MB66 ngay h\u00f4m nay t\u1ea1i\u00a0<strong><a class=\"decorated-link\" href=\"https:\/\/seventeenplanet.nl\/\" target=\"_new\" rel=\"noopener\" data-start=\"145\" data-end=\"179\">https:\/\/seventeenplanet.nl\/<\/a><\/strong>\u00a0\u0111\u1ec3 tr\u1ea3i nghi\u1ec7m n\u1ec1n t\u1ea3ng c\u00e1 c\u01b0\u1ee3c tr\u1ef1c tuy\u1ebfn hi\u1ec7n \u0111\u1ea1i, an to\u00e0n v\u00e0 minh b\u1ea1ch \u2013 n\u01a1i m\u1ecdi s\u00e2n ch\u01a1i, giao d\u1ecbch v\u00e0 d\u1ecbch v\u1ee5 \u0111\u1ec1u \u0111\u01b0\u1ee3c t\u1ed1i \u01b0u nh\u1eb1m mang \u0111\u1ebfn l\u1ee3i th\u1ebf t\u1ed1t nh\u1ea5t cho ng\u01b0\u1eddi ch\u01a1i.<\/p>\n<\/blockquote>\n\t\t<\/div>\n\t\t\t\t\t<\/div>\n\n\t\n<\/div>\n","protected":false},"excerpt":{"rendered":"","protected":false},"author":1,"featured_media":0,"parent":0,"menu_order":0,"comment_status":"closed","ping_status":"closed","template":"page-blank.php","meta":{"footnotes":""},"class_list":["post-13","page","type-page","status-publish","hentry"],"_links":{"self":[{"href":"https:\/\/maxpoppink.nl\/index.php?rest_route=\/wp\/v2\/pages\/13","targetHints":{"allow":["GET"]}}],"collection":[{"href":"https:\/\/maxpoppink.nl\/index.php?rest_route=\/wp\/v2\/pages"}],"about":[{"href":"https:\/\/maxpoppink.nl\/index.php?rest_route=\/wp\/v2\/types\/page"}],"author":[{"embeddable":true,"href":"https:\/\/maxpoppink.nl\/index.php?rest_route=\/wp\/v2\/users\/1"}],"replies":[{"embeddable":true,"href":"https:\/\/maxpoppink.nl\/index.php?rest_route=%2Fwp%2Fv2%2Fcomments&post=13"}],"version-history":[{"count":3,"href":"https:\/\/maxpoppink.nl\/index.php?rest_route=\/wp\/v2\/pages\/13\/revisions"}],"predecessor-version":[{"id":19,"href":"https:\/\/maxpoppink.nl\/index.php?rest_route=\/wp\/v2\/pages\/13\/revisions\/19"}],"wp:attachment":[{"href":"https:\/\/maxpoppink.nl\/index.php?rest_route=%2Fwp%2Fv2%2Fmedia&parent=13"}],"curies":[{"name":"wp","href":"https:\/\/api.w.org\/{rel}","templated":true}]}}